{"id":184,"date":"2024-06-27T07:31:44","date_gmt":"2024-06-27T07:31:44","guid":{"rendered":"http:\/\/nula.local\/?page_id=184"},"modified":"2024-06-28T08:18:43","modified_gmt":"2024-06-28T08:18:43","slug":"blog","status":"publish","type":"page","link":"https:\/\/montefarm.co.me\/en\/blog\/","title":{"rendered":"Blog"},"content":{"rendered":"<section class=\"container mx-auto\">\n<div id=\"filter-buttons-container\" class=\"mb-4\">\n        <div class=\"flex space-x-4\" id=\"filter-buttons\">\n            <button class=\"filter-btn flex items-center text-xl font-semibold text-[#0E559D] px-6 py-2 border-2 border-solid border-[#0E559D] rounded-3xl cursor-pointer\" data-category=\"all\">\n                Blogovi\n                <i class=\"loader opacity-0 invisible ml-[-28px] transition-all duration-300 ease-in-out animate-spin\"><?xml version=\"1.0\" encoding=\"utf-8\"?>\r\n\r\n<!DOCTYPE svg PUBLIC \"-\/\/W3C\/\/DTD SVG 1.1\/\/EN\" \"http:\/\/www.w3.org\/Graphics\/SVG\/1.1\/DTD\/svg11.dtd\">\r\n<!-- Uploaded to: SVG Repo, www.svgrepo.com, Generator: SVG Repo Mixer Tools -->\r\n<svg class=\"animate-spin\" version=\"1.1\" xmlns=\"http:\/\/www.w3.org\/2000\/svg\" xmlns:xlink=\"http:\/\/www.w3.org\/1999\/xlink\"  width=\"28px\"\r\n\t height=\"28px\" viewBox=\"0 0 100 100\" enable-background=\"new 0 0 100 100\" xml:space=\"preserve\">\r\n<g id=\"Download_x5F_25_x25_\">\r\n<\/g>\r\n<g id=\"Download_x5F_50_x25_\">\r\n<\/g>\r\n<g id=\"Download_x5F_75_x25_\">\r\n<\/g>\r\n<g id=\"Download_x5F_100_x25_\">\r\n<\/g>\r\n<g id=\"Upload\">\r\n<\/g>\r\n<g id=\"Next\">\r\n<\/g>\r\n<g id=\"Last\">\r\n<\/g>\r\n<g id=\"OK\">\r\n<\/g>\r\n<g id=\"Fail\">\r\n<\/g>\r\n<g id=\"Add\">\r\n<\/g>\r\n<g id=\"Spinner_x5F_0_x25_\">\r\n<\/g>\r\n<g id=\"Spinner_x5F_25_x25_\">\r\n<\/g>\r\n<g id=\"Spinner_x5F_50_x25_\">\r\n<\/g>\r\n<g id=\"Spinner_x5F_75_x25_\">\r\n\t<g>\r\n\t\t<path fill=\"none\" stroke=\"#ffffff\" stroke-width=\"5\" stroke-linecap=\"round\" stroke-linejoin=\"round\" stroke-miterlimit=\"10\" d=\"\r\n\t\t\tM50.915,26.824C63.385,27.208,73.375,37.437,73.375,50c0,12.806-10.381,23.188-23.188,23.188c-11.303,0-20.717-8.087-22.771-18.79\r\n\t\t\tc-0.154-0.804-0.262-1.566-0.331-2.397\"\/>\r\n\t\t<g>\r\n\t\t\t<ellipse transform=\"matrix(0.9962 -0.0867 0.0867 0.9962 -3.713 2.567)\" cx=\"27.71\" cy=\"44.049\" rx=\"1.959\" ry=\"1.959\"\/>\r\n\t\t\t<ellipse transform=\"matrix(0.9962 -0.0867 0.0867 0.9962 -3.079 2.8158)\" cx=\"30.892\" cy=\"36.872\" rx=\"1.959\" ry=\"1.959\"\/>\r\n\t\t\t<ellipse transform=\"matrix(0.9962 -0.0867 0.0867 0.9962 -2.567 3.266)\" cx=\"36.334\" cy=\"31.199\" rx=\"1.959\" ry=\"1.959\"\/>\r\n\t\t\t<ellipse transform=\"matrix(0.9962 -0.0867 0.0867 0.9962 -2.2318 3.8617)\" cx=\"43.363\" cy=\"27.636\" rx=\"1.959\" ry=\"1.959\"\/>\r\n\t\t<\/g>\r\n\t<\/g>\r\n<\/g>\r\n<g id=\"Brightest_x5F_25_x25_\">\r\n<\/g>\r\n<g id=\"Brightest_x5F_50_x25_\">\r\n<\/g>\r\n<g id=\"Brightest_x5F_75_x25_\">\r\n<\/g>\r\n<g id=\"Brightest_x5F_100_x25_\">\r\n<\/g>\r\n<g id=\"Reload\">\r\n<\/g>\r\n<g id=\"Forbidden\">\r\n<\/g>\r\n<g id=\"Clock\">\r\n<\/g>\r\n<g id=\"Compass\">\r\n<\/g>\r\n<g id=\"World\">\r\n<\/g>\r\n<g id=\"Speed\">\r\n<\/g>\r\n<g id=\"Microphone\">\r\n<\/g>\r\n<g id=\"Options\">\r\n<\/g>\r\n<g id=\"Chronometer\">\r\n<\/g>\r\n<g id=\"Lock\">\r\n<\/g>\r\n<g id=\"User\">\r\n<\/g>\r\n<g id=\"Position\">\r\n<\/g>\r\n<g id=\"No_x5F_Signal\">\r\n<\/g>\r\n<g id=\"Low_x5F_Signal\">\r\n<\/g>\r\n<g id=\"Mid_x5F_Signal\">\r\n<\/g>\r\n<g id=\"High_x5F_Signal\">\r\n<\/g>\r\n<g id=\"Options_1_\">\r\n<\/g>\r\n<g id=\"Flash\">\r\n<\/g>\r\n<g id=\"No_x5F_Signal_x5F_02\">\r\n<\/g>\r\n<g id=\"Low_x5F_Signal_x5F_02\">\r\n<\/g>\r\n<g id=\"Mid_x5F_Signal_x5F_02\">\r\n<\/g>\r\n<g id=\"High_x5F_Signal_x5F_02\">\r\n<\/g>\r\n<g id=\"Favorite\">\r\n<\/g>\r\n<g id=\"Search\">\r\n<\/g>\r\n<g id=\"Stats_x5F_01\">\r\n<\/g>\r\n<g id=\"Stats_x5F_02\">\r\n<\/g>\r\n<g id=\"Turn_x5F_On_x5F_Off\">\r\n<\/g>\r\n<g id=\"Full_x5F_Height\">\r\n<\/g>\r\n<g id=\"Full_x5F_Width\">\r\n<\/g>\r\n<g id=\"Full_x5F_Screen\">\r\n<\/g>\r\n<g id=\"Compress_x5F_Screen\">\r\n<\/g>\r\n<g id=\"Chat\">\r\n<\/g>\r\n<g id=\"Bluetooth\">\r\n<\/g>\r\n<g id=\"Share_x5F_iOS\">\r\n<\/g>\r\n<g id=\"Share_x5F_Android\">\r\n<\/g>\r\n<g id=\"Love__x2F__Favorite\">\r\n<\/g>\r\n<g id=\"Hamburguer\">\r\n<\/g>\r\n<g id=\"Flying\">\r\n<\/g>\r\n<g id=\"Take_x5F_Off\">\r\n<\/g>\r\n<g id=\"Land\">\r\n<\/g>\r\n<g id=\"City\">\r\n<\/g>\r\n<g id=\"Nature\">\r\n<\/g>\r\n<g id=\"Pointer\">\r\n<\/g>\r\n<g id=\"Prize\">\r\n<\/g>\r\n<g id=\"Extract\">\r\n<\/g>\r\n<g id=\"Play\">\r\n<\/g>\r\n<g id=\"Pause\">\r\n<\/g>\r\n<g id=\"Stop\">\r\n<\/g>\r\n<g id=\"Forward\">\r\n<\/g>\r\n<g id=\"Reverse\">\r\n<\/g>\r\n<g id=\"Next_1_\">\r\n<\/g>\r\n<g id=\"Last_1_\">\r\n<\/g>\r\n<g id=\"Empty_x5F_Basket\">\r\n<\/g>\r\n<g id=\"Add_x5F_Basket\">\r\n<\/g>\r\n<g id=\"Delete_x5F_Basket\">\r\n<\/g>\r\n<g id=\"Error_x5F_Basket\">\r\n<\/g>\r\n<g id=\"OK_x5F_Basket\">\r\n<\/g>\r\n<\/svg> <\/i>\n            <\/button>\n            <button class=\"filter-btn btnEdukacija flex items-center text-xl font-semibold text-[#0E559D] px-6 py-2 border-2 border-solid border-[#0E559D] rounded-3xl cursor-pointer\" data-category=\"aktuelno\">\n                Aktuelno\n                <i class=\"loader opacity-0 invisible ml-[-28px] transition-all duration-300 ease-in-out animate-spin\"><?xml version=\"1.0\" encoding=\"utf-8\"?>\r\n\r\n<!DOCTYPE svg PUBLIC \"-\/\/W3C\/\/DTD SVG 1.1\/\/EN\" \"http:\/\/www.w3.org\/Graphics\/SVG\/1.1\/DTD\/svg11.dtd\">\r\n<!-- Uploaded to: SVG Repo, www.svgrepo.com, Generator: SVG Repo Mixer Tools -->\r\n<svg class=\"animate-spin\" version=\"1.1\" xmlns=\"http:\/\/www.w3.org\/2000\/svg\" xmlns:xlink=\"http:\/\/www.w3.org\/1999\/xlink\"  width=\"28px\"\r\n\t height=\"28px\" viewBox=\"0 0 100 100\" enable-background=\"new 0 0 100 100\" xml:space=\"preserve\">\r\n<g id=\"Download_x5F_25_x25_\">\r\n<\/g>\r\n<g id=\"Download_x5F_50_x25_\">\r\n<\/g>\r\n<g id=\"Download_x5F_75_x25_\">\r\n<\/g>\r\n<g id=\"Download_x5F_100_x25_\">\r\n<\/g>\r\n<g id=\"Upload\">\r\n<\/g>\r\n<g id=\"Next\">\r\n<\/g>\r\n<g id=\"Last\">\r\n<\/g>\r\n<g id=\"OK\">\r\n<\/g>\r\n<g id=\"Fail\">\r\n<\/g>\r\n<g id=\"Add\">\r\n<\/g>\r\n<g id=\"Spinner_x5F_0_x25_\">\r\n<\/g>\r\n<g id=\"Spinner_x5F_25_x25_\">\r\n<\/g>\r\n<g id=\"Spinner_x5F_50_x25_\">\r\n<\/g>\r\n<g id=\"Spinner_x5F_75_x25_\">\r\n\t<g>\r\n\t\t<path fill=\"none\" stroke=\"#ffffff\" stroke-width=\"5\" stroke-linecap=\"round\" stroke-linejoin=\"round\" stroke-miterlimit=\"10\" d=\"\r\n\t\t\tM50.915,26.824C63.385,27.208,73.375,37.437,73.375,50c0,12.806-10.381,23.188-23.188,23.188c-11.303,0-20.717-8.087-22.771-18.79\r\n\t\t\tc-0.154-0.804-0.262-1.566-0.331-2.397\"\/>\r\n\t\t<g>\r\n\t\t\t<ellipse transform=\"matrix(0.9962 -0.0867 0.0867 0.9962 -3.713 2.567)\" cx=\"27.71\" cy=\"44.049\" rx=\"1.959\" ry=\"1.959\"\/>\r\n\t\t\t<ellipse transform=\"matrix(0.9962 -0.0867 0.0867 0.9962 -3.079 2.8158)\" cx=\"30.892\" cy=\"36.872\" rx=\"1.959\" ry=\"1.959\"\/>\r\n\t\t\t<ellipse transform=\"matrix(0.9962 -0.0867 0.0867 0.9962 -2.567 3.266)\" cx=\"36.334\" cy=\"31.199\" rx=\"1.959\" ry=\"1.959\"\/>\r\n\t\t\t<ellipse transform=\"matrix(0.9962 -0.0867 0.0867 0.9962 -2.2318 3.8617)\" cx=\"43.363\" cy=\"27.636\" rx=\"1.959\" ry=\"1.959\"\/>\r\n\t\t<\/g>\r\n\t<\/g>\r\n<\/g>\r\n<g id=\"Brightest_x5F_25_x25_\">\r\n<\/g>\r\n<g id=\"Brightest_x5F_50_x25_\">\r\n<\/g>\r\n<g id=\"Brightest_x5F_75_x25_\">\r\n<\/g>\r\n<g id=\"Brightest_x5F_100_x25_\">\r\n<\/g>\r\n<g id=\"Reload\">\r\n<\/g>\r\n<g id=\"Forbidden\">\r\n<\/g>\r\n<g id=\"Clock\">\r\n<\/g>\r\n<g id=\"Compass\">\r\n<\/g>\r\n<g id=\"World\">\r\n<\/g>\r\n<g id=\"Speed\">\r\n<\/g>\r\n<g id=\"Microphone\">\r\n<\/g>\r\n<g id=\"Options\">\r\n<\/g>\r\n<g id=\"Chronometer\">\r\n<\/g>\r\n<g id=\"Lock\">\r\n<\/g>\r\n<g id=\"User\">\r\n<\/g>\r\n<g id=\"Position\">\r\n<\/g>\r\n<g id=\"No_x5F_Signal\">\r\n<\/g>\r\n<g id=\"Low_x5F_Signal\">\r\n<\/g>\r\n<g id=\"Mid_x5F_Signal\">\r\n<\/g>\r\n<g id=\"High_x5F_Signal\">\r\n<\/g>\r\n<g id=\"Options_1_\">\r\n<\/g>\r\n<g id=\"Flash\">\r\n<\/g>\r\n<g id=\"No_x5F_Signal_x5F_02\">\r\n<\/g>\r\n<g id=\"Low_x5F_Signal_x5F_02\">\r\n<\/g>\r\n<g id=\"Mid_x5F_Signal_x5F_02\">\r\n<\/g>\r\n<g id=\"High_x5F_Signal_x5F_02\">\r\n<\/g>\r\n<g id=\"Favorite\">\r\n<\/g>\r\n<g id=\"Search\">\r\n<\/g>\r\n<g id=\"Stats_x5F_01\">\r\n<\/g>\r\n<g id=\"Stats_x5F_02\">\r\n<\/g>\r\n<g id=\"Turn_x5F_On_x5F_Off\">\r\n<\/g>\r\n<g id=\"Full_x5F_Height\">\r\n<\/g>\r\n<g id=\"Full_x5F_Width\">\r\n<\/g>\r\n<g id=\"Full_x5F_Screen\">\r\n<\/g>\r\n<g id=\"Compress_x5F_Screen\">\r\n<\/g>\r\n<g id=\"Chat\">\r\n<\/g>\r\n<g id=\"Bluetooth\">\r\n<\/g>\r\n<g id=\"Share_x5F_iOS\">\r\n<\/g>\r\n<g id=\"Share_x5F_Android\">\r\n<\/g>\r\n<g id=\"Love__x2F__Favorite\">\r\n<\/g>\r\n<g id=\"Hamburguer\">\r\n<\/g>\r\n<g id=\"Flying\">\r\n<\/g>\r\n<g id=\"Take_x5F_Off\">\r\n<\/g>\r\n<g id=\"Land\">\r\n<\/g>\r\n<g id=\"City\">\r\n<\/g>\r\n<g id=\"Nature\">\r\n<\/g>\r\n<g id=\"Pointer\">\r\n<\/g>\r\n<g id=\"Prize\">\r\n<\/g>\r\n<g id=\"Extract\">\r\n<\/g>\r\n<g id=\"Play\">\r\n<\/g>\r\n<g id=\"Pause\">\r\n<\/g>\r\n<g id=\"Stop\">\r\n<\/g>\r\n<g id=\"Forward\">\r\n<\/g>\r\n<g id=\"Reverse\">\r\n<\/g>\r\n<g id=\"Next_1_\">\r\n<\/g>\r\n<g id=\"Last_1_\">\r\n<\/g>\r\n<g id=\"Empty_x5F_Basket\">\r\n<\/g>\r\n<g id=\"Add_x5F_Basket\">\r\n<\/g>\r\n<g id=\"Delete_x5F_Basket\">\r\n<\/g>\r\n<g id=\"Error_x5F_Basket\">\r\n<\/g>\r\n<g id=\"OK_x5F_Basket\">\r\n<\/g>\r\n<\/svg> <\/i>\n            <\/button>\n        <\/div>\n    <\/div>\n    <div id=\"post-list\">\n        <div class=\"hidden cards lg:block rounded-2xl p-10 bg-white shadow-[0_2px_12px_0_rgba(0,0,0,0.1)]\">\n            <img decoding=\"async\" src=\"https:\/\/montefarm.co.me\/wp-content\/uploads\/2026\/02\/636771901_947525917837071_274355015621262398_n.jpg\" alt=\"\" class=\"object-cover w-full max-h-[35rem] rounded-2xl\">\n            <p class=\"text-base font-normal text-[#0E559D] mt-8\">27\/02\/2026<\/p>\n            <p class=\"text-sm text-[#0e559d] mt-8\"><\/p>\n            <h1 class=\"title text-4xl font-bold text-black mt-1\">SARADNJOM MINISTARSTVA ZDRAVLJA I MONTEFARM SA\u010cUVANE DR\u017dAVNE APOTEKE U TUZIMA I RISNU<\/h1>\n            <a href=\"https:\/\/montefarm.co.me\/en\/blogovi\/saradnjom-ministarstva-zdravlja-i-montefarm-sacuvane-drzavne-apoteke-u-tuzima-i-risnu\/\" class=\"link\"><button id=\"apoteke-lokacija\" class=\"text-[#001047] text-base px-6 py-3 border-solid border-2 border-[#001047] rounded-3xl mt-8\">\n                Pro\u010ditajte vi\u0161e\n            <\/button><\/a>\n        <\/div>\n    <!--    telefon-->\n        <div class=\"cards block lg:hidden w-full lg:w-[31%] rounded-2xl shadow-[0_2px_12px_0_rgba(0,0,0,0.1)] cursor-pointer bg-white\">\n            <img decoding=\"async\" src=\"https:\/\/montefarm.co.me\/wp-content\/uploads\/2026\/02\/636771901_947525917837071_274355015621262398_n.jpg\" alt=\"\" class=\"object-cover w-full h-[15rem] rounded-2xl\">\n            <div class=\"p-5\">\n                <p class=\"text-base font-normal text-[#0E559D] mt-4 mb-6\">27\/02\/2026<\/p>\n                <p class=\"text-sm text-[#0e559d] mt-8\"><\/p>\n                <h3 class=\"title text-2xl font-bold text-[#929292] mb-4\">SARADNJOM MINISTARSTVA ZDRAVLJA I MONTEFARM SA\u010cUVANE DR\u017dAVNE APOTEKE U TUZIMA I RISNU<\/h3>\n                <button id=\"apoteke-lokacija\" class=\"text-[#001047] text-base px-6 py-3 border-solid border-2 border-[#001047] rounded-3xl mt-8\">\n                    <a href=\"https:\/\/montefarm.co.me\/en\/blogovi\/saradnjom-ministarstva-zdravlja-i-montefarm-sacuvane-drzavne-apoteke-u-tuzima-i-risnu\/\" class=\"link\">Pro\u010ditajte vi\u0161e<\/a>\n                <\/button>\n            <\/div>\n        <\/div>\n\n        <div class=\"container mx-auto flex flex-wrap gap-8 mt-32\">\n            \n                    <div class=\"cards w-full lg:w-[31%] rounded-2xl shadow-[0_2px_12px_0_rgba(0,0,0,0.1)] cursor-pointer parent-div flex flex-col justify-between\">\n                        <div class=\"w-full overflow-hidden rounded-2xl\">\n                            <img decoding=\"async\" src=\"https:\/\/montefarm.co.me\/wp-content\/uploads\/2026\/02\/636771901_947525917837071_274355015621262398_n.jpg\" alt=\"\" class=\"object-cover w-full h-[15rem] hover:scale-105 duration-200\">\n                            <\/div>\n                            <div class=\"blog-text p-5 flex flex-col flex-grow\">\n                            <p class=\"text-base font-normal text-[#0E559D] mt-4 mb-4\">27\/02\/2026<\/p>\n                            <span class=\"text-sm text-[#0e559d]\"><\/span>\n                            <h3 class=\"title-other text-2xl font-bold text-[#929292] mb-4\">Delegacija Vlade Crne Gore posjetila je MONTEFARM<\/h3>\n                            <a href=\"https:\/\/montefarm.co.me\/en\/blogovi\/delegacija-vlade-crne-gore-posjetila-je-montefarm\/\" class=\"link flex text-[#0E559D] mt-auto pb-3\">Pro\u010ditajte vi\u0161e<i class=\"ml-2\"><svg width=\"25\" height=\"24\" viewBox=\"0 0 25 24\" fill=\"none\" xmlns=\"http:\/\/www.w3.org\/2000\/svg\">\n<path d=\"M14.93 18.82C14.74 18.82 14.55 18.75 14.4 18.6C14.11 18.31 14.11 17.83 14.4 17.54L19.94 12L14.4 6.46C14.11 6.17 14.11 5.69 14.4 5.4C14.69 5.11 15.17 5.11 15.46 5.4L21.53 11.47C21.82 11.76 21.82 12.24 21.53 12.53L15.46 18.6C15.31 18.75 15.12 18.82 14.93 18.82Z\" fill=\"#0E559D\"\/>\n<path d=\"M20.83 12.75H4C3.59 12.75 3.25 12.41 3.25 12C3.25 11.59 3.59 11.25 4 11.25H20.83C21.24 11.25 21.58 11.59 21.58 12C21.58 12.41 21.24 12.75 20.83 12.75Z\" fill=\"#0E559D\"\/>\n<\/svg>\n<\/i><\/a>\n                        <\/div>\n                    <\/div>\n                    \n                    <div class=\"cards w-full lg:w-[31%] rounded-2xl shadow-[0_2px_12px_0_rgba(0,0,0,0.1)] cursor-pointer parent-div flex flex-col justify-between\">\n                        <div class=\"w-full overflow-hidden rounded-2xl\">\n                            <img decoding=\"async\" src=\"https:\/\/montefarm.co.me\/wp-content\/uploads\/2026\/01\/Sutomore-1.jpg\" alt=\"\" class=\"object-cover w-full h-[15rem] hover:scale-105 duration-200\">\n                            <\/div>\n                            <div class=\"blog-text p-5 flex flex-col flex-grow\">\n                            <p class=\"text-base font-normal text-[#0E559D] mt-4 mb-4\">13\/01\/2026<\/p>\n                            <span class=\"text-sm text-[#0e559d]\"><\/span>\n                            <h3 class=\"title-other text-2xl font-bold text-[#929292] mb-4\">Rije\u0161en vi\u0161egodi\u0161nji problem: dr\u017eavna apoteka u Sutomoru otvorena nakon osam godina<\/h3>\n                            <a href=\"https:\/\/montefarm.co.me\/en\/blogovi\/rijesen-visegodisnji-problem-drzavna-apoteka-u-sutomoru-otvorena-nakon-osam-godina\/\" class=\"link flex text-[#0E559D] mt-auto pb-3\">Pro\u010ditajte vi\u0161e<i class=\"ml-2\"><svg width=\"25\" height=\"24\" viewBox=\"0 0 25 24\" fill=\"none\" xmlns=\"http:\/\/www.w3.org\/2000\/svg\">\n<path d=\"M14.93 18.82C14.74 18.82 14.55 18.75 14.4 18.6C14.11 18.31 14.11 17.83 14.4 17.54L19.94 12L14.4 6.46C14.11 6.17 14.11 5.69 14.4 5.4C14.69 5.11 15.17 5.11 15.46 5.4L21.53 11.47C21.82 11.76 21.82 12.24 21.53 12.53L15.46 18.6C15.31 18.75 15.12 18.82 14.93 18.82Z\" fill=\"#0E559D\"\/>\n<path d=\"M20.83 12.75H4C3.59 12.75 3.25 12.41 3.25 12C3.25 11.59 3.59 11.25 4 11.25H20.83C21.24 11.25 21.58 11.59 21.58 12C21.58 12.41 21.24 12.75 20.83 12.75Z\" fill=\"#0E559D\"\/>\n<\/svg>\n<\/i><\/a>\n                        <\/div>\n                    <\/div>\n                    \n                    <div class=\"cards w-full lg:w-[31%] rounded-2xl shadow-[0_2px_12px_0_rgba(0,0,0,0.1)] cursor-pointer parent-div flex flex-col justify-between\">\n                        <div class=\"w-full overflow-hidden rounded-2xl\">\n                            <img decoding=\"async\" src=\"\" alt=\"\" class=\"object-cover w-full h-[15rem] hover:scale-105 duration-200\">\n                            <\/div>\n                            <div class=\"blog-text p-5 flex flex-col flex-grow\">\n                            <p class=\"text-base font-normal text-[#0E559D] mt-4 mb-4\">30\/12\/2025<\/p>\n                            <span class=\"text-sm text-[#0e559d]\"><\/span>\n                            <h3 class=\"title-other text-2xl font-bold text-[#929292] mb-4\">Ministarka prosvjete u posjeti Montefarmu: Ja\u010danje saradnje sa srednjim stru\u010dnim \u0161kolama<\/h3>\n                            <a href=\"https:\/\/montefarm.co.me\/en\/blogovi\/ministarka-prosvjete-u-posjeti-montefarmu-jacanje-saradnje-sa-srednjim-strucnim-skolama\/\" class=\"link flex text-[#0E559D] mt-auto pb-3\">Pro\u010ditajte vi\u0161e<i class=\"ml-2\"><svg width=\"25\" height=\"24\" viewBox=\"0 0 25 24\" fill=\"none\" xmlns=\"http:\/\/www.w3.org\/2000\/svg\">\n<path d=\"M14.93 18.82C14.74 18.82 14.55 18.75 14.4 18.6C14.11 18.31 14.11 17.83 14.4 17.54L19.94 12L14.4 6.46C14.11 6.17 14.11 5.69 14.4 5.4C14.69 5.11 15.17 5.11 15.46 5.4L21.53 11.47C21.82 11.76 21.82 12.24 21.53 12.53L15.46 18.6C15.31 18.75 15.12 18.82 14.93 18.82Z\" fill=\"#0E559D\"\/>\n<path d=\"M20.83 12.75H4C3.59 12.75 3.25 12.41 3.25 12C3.25 11.59 3.59 11.25 4 11.25H20.83C21.24 11.25 21.58 11.59 21.58 12C21.58 12.41 21.24 12.75 20.83 12.75Z\" fill=\"#0E559D\"\/>\n<\/svg>\n<\/i><\/a>\n                        <\/div>\n                    <\/div>\n                    \n                    <div class=\"cards w-full lg:w-[31%] rounded-2xl shadow-[0_2px_12px_0_rgba(0,0,0,0.1)] cursor-pointer parent-div flex flex-col justify-between\">\n                        <div class=\"w-full overflow-hidden rounded-2xl\">\n                            <img decoding=\"async\" src=\"https:\/\/montefarm.co.me\/wp-content\/uploads\/2025\/12\/IMG-c8da9bdd0cb71d10ef10fa9671264e00-V.jpg\" alt=\"\" class=\"object-cover w-full h-[15rem] hover:scale-105 duration-200\">\n                            <\/div>\n                            <div class=\"blog-text p-5 flex flex-col flex-grow\">\n                            <p class=\"text-base font-normal text-[#0E559D] mt-4 mb-4\">09\/12\/2025<\/p>\n                            <span class=\"text-sm text-[#0e559d]\"><\/span>\n                            <h3 class=\"title-other text-2xl font-bold text-[#929292] mb-4\">MONTEFARM potpisao ugovore o stipendiranju sa \u010detiri najbolja studenta Farmacije<\/h3>\n                            <a href=\"https:\/\/montefarm.co.me\/en\/blogovi\/montefarm-potpisao-ugovore-o-stipendiranju-sa-cetiri-najbolja-studenta-farmacije\/\" class=\"link flex text-[#0E559D] mt-auto pb-3\">Pro\u010ditajte vi\u0161e<i class=\"ml-2\"><svg width=\"25\" height=\"24\" viewBox=\"0 0 25 24\" fill=\"none\" xmlns=\"http:\/\/www.w3.org\/2000\/svg\">\n<path d=\"M14.93 18.82C14.74 18.82 14.55 18.75 14.4 18.6C14.11 18.31 14.11 17.83 14.4 17.54L19.94 12L14.4 6.46C14.11 6.17 14.11 5.69 14.4 5.4C14.69 5.11 15.17 5.11 15.46 5.4L21.53 11.47C21.82 11.76 21.82 12.24 21.53 12.53L15.46 18.6C15.31 18.75 15.12 18.82 14.93 18.82Z\" fill=\"#0E559D\"\/>\n<path d=\"M20.83 12.75H4C3.59 12.75 3.25 12.41 3.25 12C3.25 11.59 3.59 11.25 4 11.25H20.83C21.24 11.25 21.58 11.59 21.58 12C21.58 12.41 21.24 12.75 20.83 12.75Z\" fill=\"#0E559D\"\/>\n<\/svg>\n<\/i><\/a>\n                        <\/div>\n                    <\/div>\n                    \n                    <div class=\"cards w-full lg:w-[31%] rounded-2xl shadow-[0_2px_12px_0_rgba(0,0,0,0.1)] cursor-pointer parent-div flex flex-col justify-between\">\n                        <div class=\"w-full overflow-hidden rounded-2xl\">\n                            <img decoding=\"async\" src=\"\" alt=\"\" class=\"object-cover w-full h-[15rem] hover:scale-105 duration-200\">\n                            <\/div>\n                            <div class=\"blog-text p-5 flex flex-col flex-grow\">\n                            <p class=\"text-base font-normal text-[#0E559D] mt-4 mb-4\">11\/11\/2025<\/p>\n                            <span class=\"text-sm text-[#0e559d]\"><\/span>\n                            <h3 class=\"title-other text-2xl font-bold text-[#929292] mb-4\">Direktor MONTEFARM-, mr Aleksandar Bogavac, dobitnik me\u0111unarodne nagrade \u201eStvaratelji za stolje\u0107a\u201c<\/h3>\n                            <a href=\"https:\/\/montefarm.co.me\/en\/blogovi\/direktor-montefarm-mr-aleksandar-bogavac-dobitnik-medjunarodne-nagrade-stvaratelji-za-stoljeca\/\" class=\"link flex text-[#0E559D] mt-auto pb-3\">Pro\u010ditajte vi\u0161e<i class=\"ml-2\"><svg width=\"25\" height=\"24\" viewBox=\"0 0 25 24\" fill=\"none\" xmlns=\"http:\/\/www.w3.org\/2000\/svg\">\n<path d=\"M14.93 18.82C14.74 18.82 14.55 18.75 14.4 18.6C14.11 18.31 14.11 17.83 14.4 17.54L19.94 12L14.4 6.46C14.11 6.17 14.11 5.69 14.4 5.4C14.69 5.11 15.17 5.11 15.46 5.4L21.53 11.47C21.82 11.76 21.82 12.24 21.53 12.53L15.46 18.6C15.31 18.75 15.12 18.82 14.93 18.82Z\" fill=\"#0E559D\"\/>\n<path d=\"M20.83 12.75H4C3.59 12.75 3.25 12.41 3.25 12C3.25 11.59 3.59 11.25 4 11.25H20.83C21.24 11.25 21.58 11.59 21.58 12C21.58 12.41 21.24 12.75 20.83 12.75Z\" fill=\"#0E559D\"\/>\n<\/svg>\n<\/i><\/a>\n                        <\/div>\n                    <\/div>\n                    \n                    <div class=\"cards w-full lg:w-[31%] rounded-2xl shadow-[0_2px_12px_0_rgba(0,0,0,0.1)] cursor-pointer parent-div flex flex-col justify-between\">\n                        <div class=\"w-full overflow-hidden rounded-2xl\">\n                            <img decoding=\"async\" src=\"\" alt=\"\" class=\"object-cover w-full h-[15rem] hover:scale-105 duration-200\">\n                            <\/div>\n                            <div class=\"blog-text p-5 flex flex-col flex-grow\">\n                            <p class=\"text-base font-normal text-[#0E559D] mt-4 mb-4\">24\/10\/2025<\/p>\n                            <span class=\"text-sm text-[#0e559d]\"><\/span>\n                            <h3 class=\"title-other text-2xl font-bold text-[#929292] mb-4\">OGLASI ZA POSAO<\/h3>\n                            <a href=\"https:\/\/montefarm.co.me\/en\/blogovi\/oglasi-za-posao-7\/\" class=\"link flex text-[#0E559D] mt-auto pb-3\">Pro\u010ditajte vi\u0161e<i class=\"ml-2\"><svg width=\"25\" height=\"24\" viewBox=\"0 0 25 24\" fill=\"none\" xmlns=\"http:\/\/www.w3.org\/2000\/svg\">\n<path d=\"M14.93 18.82C14.74 18.82 14.55 18.75 14.4 18.6C14.11 18.31 14.11 17.83 14.4 17.54L19.94 12L14.4 6.46C14.11 6.17 14.11 5.69 14.4 5.4C14.69 5.11 15.17 5.11 15.46 5.4L21.53 11.47C21.82 11.76 21.82 12.24 21.53 12.53L15.46 18.6C15.31 18.75 15.12 18.82 14.93 18.82Z\" fill=\"#0E559D\"\/>\n<path d=\"M20.83 12.75H4C3.59 12.75 3.25 12.41 3.25 12C3.25 11.59 3.59 11.25 4 11.25H20.83C21.24 11.25 21.58 11.59 21.58 12C21.58 12.41 21.24 12.75 20.83 12.75Z\" fill=\"#0E559D\"\/>\n<\/svg>\n<\/i><\/a>\n                        <\/div>\n                    <\/div>\n                    \n        <\/div>\n    <\/div>\n    <div class=\"container mx-auto flex justify-center mt-10\" id=\"pagination\">\n        <div>\n        <span aria-current=\"page\" class=\"page-numbers current\">1<\/span>\n<a class=\"page-numbers\" href=\"https:\/\/montefarm.co.me\/wp-json\/wp\/v2\/pages\/184\/\/page\/2\">2<\/a>\n<span class=\"page-numbers dots\">&hellip;<\/span>\n<a class=\"page-numbers\" href=\"https:\/\/montefarm.co.me\/wp-json\/wp\/v2\/pages\/184\/\/page\/5\">5<\/a>\n<a class=\"page-numbers\" href=\"https:\/\/montefarm.co.me\/wp-json\/wp\/v2\/pages\/184\/\/page\/6\">6<\/a>\n<a class=\"next page-numbers\" href=\"https:\/\/montefarm.co.me\/wp-json\/wp\/v2\/pages\/184\/\/page\/2\">><\/a>        <\/div>\n    <\/div>\n    <\/section>\n\n<script>\n    document.querySelectorAll('.cards').forEach(card => {\n        card.addEventListener('click', function() {\n            this.querySelector('.link').click();\n        });\n    });\n<\/script>\n\n\n","protected":false},"excerpt":{"rendered":"","protected":false},"author":2,"featured_media":0,"parent":0,"menu_order":0,"comment_status":"closed","ping_status":"closed","template":"","meta":{"_acf_changed":false,"footnotes":""},"class_list":["post-184","page","type-page","status-publish","hentry"],"acf":[],"_links":{"self":[{"href":"https:\/\/montefarm.co.me\/en\/wp-json\/wp\/v2\/pages\/184","targetHints":{"allow":["GET"]}}],"collection":[{"href":"https:\/\/montefarm.co.me\/en\/wp-json\/wp\/v2\/pages"}],"about":[{"href":"https:\/\/montefarm.co.me\/en\/wp-json\/wp\/v2\/types\/page"}],"author":[{"embeddable":true,"href":"https:\/\/montefarm.co.me\/en\/wp-json\/wp\/v2\/users\/2"}],"replies":[{"embeddable":true,"href":"https:\/\/montefarm.co.me\/en\/wp-json\/wp\/v2\/comments?post=184"}],"version-history":[{"count":4,"href":"https:\/\/montefarm.co.me\/en\/wp-json\/wp\/v2\/pages\/184\/revisions"}],"predecessor-version":[{"id":209,"href":"https:\/\/montefarm.co.me\/en\/wp-json\/wp\/v2\/pages\/184\/revisions\/209"}],"wp:attachment":[{"href":"https:\/\/montefarm.co.me\/en\/wp-json\/wp\/v2\/media?parent=184"}],"curies":[{"name":"wp","href":"https:\/\/api.w.org\/{rel}","templated":true}]}}