{"id":300,"date":"2024-07-08T08:38:40","date_gmt":"2024-07-08T08:38:40","guid":{"rendered":"http:\/\/nula.local\/?page_id=300"},"modified":"2025-03-27T08:39:51","modified_gmt":"2025-03-27T08:39:51","slug":"zastitnik-prava-pacijenata","status":"publish","type":"page","link":"https:\/\/montefarm.co.me\/en\/zastitnik-prava-pacijenata\/","title":{"rendered":"Zastitnik prava pacijenata"},"content":{"rendered":"<section class=\"container mx-auto flex flex-col lg:flex-row justify-between items-center mb-20\">\n    <img decoding=\"async\" src=\"https:\/\/montefarm.co.me\/wp-content\/uploads\/2024\/08\/IMG-0ca6dc74fd06e0872539f366aea8db37-V-e1722520607350.jpg\" alt=\"\" class=\"object-cover rounded-2xl w-full lg:w-[45%] h-[20rem] mb-10 lg:mb-0\" \/>\n    <div class=\"w-full lg:w-[48%]\">\n        <h1 class=\"text-4xl font-bold text-[#001047] mb-4\">Za\u0161titnik prava pacijenata ZUACG \u201eMontefarm\u201c<\/h1>\n        <p class=\"pb-8 text-[#929292] text-base\">Shodno Zakonu o pravima pacijenata, svakom licu, bolesnom ili zdravom, koje u zdravstvenoj ustanovi zatra\u017ei ili kome se pru\u017ea zdravstvena usluga, obezbje\u0111uje se po\u0161tovanje ljudskog dostojanstva, fizi\u010dkog i psihi\u010dkog integriteta i za\u0161tita prava utvr\u0111ena pomenutim Zakonom.\r\nZakon je done\u0161en jula 2010. godine, a na\u0161a Ustanova imenuje Za\u0161titnika prava pacijenata godinama unazad.<\/p>\n        <a href=\"https:\/\/montefarm.co.me\/wp-content\/uploads\/2024\/07\/Zakon-o-pravima-pacijenata.pdf\" download class=\"prava-dugme mb-6 lg:mb-0 py-3 px-8 text-sm lg:text-base border-solid border-[#0E559D] border-2 rounded-3xl text-[#0e559d]\">Preuzmite zakon o pravima pacijenta<\/a>\n    <\/div>\n<\/section>\n\n\n\n<section class=\"bg-gradient-to-b from-[#1580EB] to-[#0C4885] py-16 mt-20\">\n    <div class=\"container mx-auto flex flex-col-reverse lg:flex-row justify-between items-center\">\n        <div class=\"w-full lg:w-[45%] pravila\">\n            <p class=\"font-bold text-white text-base mb-2\">Za\u0161titniku prava pacijenata ZUACG \u201eMontefarm\u201c se mo\u017ee obratiti svaki pacijent koji smatra da su mu povrije\u0111ena ili ugro\u017eena prava garantovana Zakonom, u pisanoj formi ili putem maila, podnose\u0107i obrazac (u prilogu).<\/p><p class=\"font-bold text-white text-base mb-2\">U skladu sa Zakonom o pravima pacijenata:<\/p><p class=\"font-bold text-white text-base mb-2\">Anonimni prigovori se ne evidentiraju<\/p><p class=\"font-bold text-white text-base mb-2\">Prigovor mo\u017ee da podnese pacijent ili \u010dlan njegove u\u017ee porodice<\/p><p class=\"font-bold text-white text-base mb-2\">Zdravstvena ustanova je du\u017ena da vodi evidenciju o podnijetim prigovorima pacijenata<\/p><p class=\"font-bold text-white text-base mb-2\">Predmet prigovora, tj. razlog za njegovo podno\u0161enje, mora biti preciziran u pogledu vrste, vremena, mjesta i lica na koje se prigovor odnosi<\/p><p class=\"font-bold text-white text-base mb-2\">Odgovor se upu\u0107uje podnosiocu prigovora najkasnije u roku od tri dana od podno\u0161enja prigovora<\/p><p class=\"font-bold text-white text-base mb-2\">Odgovor se daje kao: mi\u0161ljenje ili obavje\u0161tenje o su\u0161tini i obimu konkretnog pacijentovog prava<\/p><p class=\"font-bold text-white text-base mb-2\">Ako je direktor Ustanove ili Za\u0161titnik svojim posredovanjem ispravio konstatovanu gre\u0161ku ili propust, i time sprije\u010dio \u0161tetne posljedice ili ugro\u017eavanje prava pacijenata \u2013 to se obrazla\u017ee u odgovoru na prigovor<\/p><p class=\"font-bold text-white text-base mb-2\">Pacijent nezadovoljan odgovorom na prigovor, mo\u017ee se obratiti Zdravstveno-sanitarnojinspekciji.<\/p><p class=\"font-bold text-white text-base mb-2\">Marjana Bo\u0161kovi\u0107, dipl. ph <\/br>\r\nZas\u030ctitinica prava pacijenata ZUACG \u201eMontefarm\u201c <\/br>\r\nmarjana.boskovic@montefarm.co.me <\/br>\r\nmontefarmcg@t-com.me<\/p>        <\/div>\n        <div id=\"custom-form-wrapper\" class=\"w-full lg:w-[50%] mb-10 lg:mb-0\">\n            <h4 class=\"mb-4 text-xl font-semibold text-[#176B87]\">Obrazac prigovora<\/h4>\n            <div class=\"forminator-ui forminator-custom-form forminator-custom-form-619   forminator_ajax\" data-forminator-render=\"0\" data-form=\"forminator-module-619\" data-uid=\"69e855e60be82\"><br\/><\/div><form\n\t\t\t\tid=\"forminator-module-619\"\n\t\t\t\tclass=\"forminator-ui forminator-custom-form forminator-custom-form-619   forminator_ajax\"\n\t\t\t\tmethod=\"post\"\n\t\t\t\tdata-forminator-render=\"0\"\n\t\t\t\tdata-form-id=\"619\"\n\t\t\t\t data-color-option=\"default\" data-design=\"none\" data-grid=\"open\" style=\"display: none;\"\n\t\t\t\tdata-uid=\"69e855e60be82\"\n\t\t\t><div role=\"alert\" aria-live=\"polite\" class=\"forminator-response-message forminator-error\" aria-hidden=\"true\"><\/div><div class=\"forminator-row\"><div id=\"name-1\" class=\"forminator-field-name forminator-col forminator-col-12 \"><div class=\"forminator-field\"><label for=\"forminator-field-name-1_69e855e60be82\" id=\"forminator-field-name-1_69e855e60be82-label\" class=\"forminator-label\">Name<\/label><input type=\"text\" name=\"name-1\" value=\"\" placeholder=\"E.g. John Doe\" id=\"forminator-field-name-1_69e855e60be82\" class=\"forminator-input forminator-name--field\" aria-required=\"false\" autocomplete=\"name\" \/><\/div><\/div><\/div><div class=\"forminator-row\"><div id=\"address-1\" class=\"forminator-field-address forminator-col forminator-col-12 \"><div class=\"forminator-row\"><div id=\"address-1-street_address\" class=\"forminator-col\"><div class=\"forminator-field\"><label for=\"forminator-field-address-1-street_address_69e855e60be82\" id=\"forminator-field-address-1-street_address_69e855e60be82-label\" class=\"forminator-label\">Street Address<\/label><input type=\"text\" name=\"address-1-street_address\" placeholder=\"E.g. 42 Wallaby Way\" id=\"forminator-field-address-1-street_address_69e855e60be82\" class=\"forminator-input\" data-required=\"\" aria-required=\"false\" autocomplete=\"address-line1\" value=\"\" \/><\/div><\/div><\/div><\/div><\/div><div class=\"forminator-row\"><div id=\"phone-1\" class=\"forminator-field-phone forminator-col forminator-col-12 \"><div class=\"forminator-field\"><label for=\"forminator-field-phone-1_69e855e60be82\" id=\"forminator-field-phone-1_69e855e60be82-label\" class=\"forminator-label\">Phone<\/label><input type=\"text\" name=\"phone-1\" value=\"\" placeholder=\"E.g. +1 300 400 5000\" id=\"forminator-field-phone-1_69e855e60be82\" class=\"forminator-input forminator-field--phone\" data-required=\"\" aria-required=\"false\" autocomplete=\"off\" \/><\/div><\/div><\/div><div class=\"forminator-row\"><div id=\"select-1\" class=\"forminator-field-select forminator-col forminator-col-12 \"><div class=\"forminator-field\"><label for=\"forminator-form-619__field--select-1_69e855e60be82\" id=\"forminator-form-619__field--select-1_69e855e60be82-label\" class=\"forminator-label\">Reason for complaint<\/label><select  id=\"forminator-form-619__field--select-1_69e855e60be82\" class=\"forminator-select--field forminator-select2 forminator-select2-multiple\" data-required=\"\" name=\"select-1\" data-default-value=\"\" data-hidden-behavior=\"zero\" data-placeholder=\"\" data-search=\"false\" data-search-placeholder=\"\" data-checkbox=\"false\" data-allow-clear=\"false\" aria-labelledby=\"forminator-form-619__field--select-1_69e855e60be82-label\"><option value=\"one\"  data-calculation=\"0\">Quality of health service<\/option><option value=\"two\"  data-calculation=\"0\">The procedure of the health worker<\/option><option value=\"Way-of-charging-for-the-service\"  data-calculation=\"0\">Way of charging for the service<\/option><option value=\"Organization-of-health-services\"  data-calculation=\"0\">Organization of health services<\/option><option value=\"Service-waiting-time\"  data-calculation=\"0\">Service waiting time<\/option><option value=\"Lack-of-medicine\"  data-calculation=\"0\">Lack of medicine<\/option><option value=\"other\"  data-calculation=\"0\">other<\/option><\/select><\/div><\/div><\/div><div class=\"forminator-row\"><div id=\"textarea-1\" class=\"forminator-field-textarea forminator-col forminator-col-12 \"><div class=\"forminator-field\"><label for=\"forminator-field-textarea-1_69e855e60be82\" id=\"forminator-field-textarea-1_69e855e60be82-label\" class=\"forminator-label\">Text<\/label><textarea name=\"textarea-1\" placeholder=\"E.g. text placeholder\nYou can add new line\" id=\"forminator-field-textarea-1_69e855e60be82\" class=\"forminator-textarea\" rows=\"6\" style=\"--forminator-textarea-min-height:140px;\" ><\/textarea><\/div><\/div><\/div><input type=\"hidden\" name=\"referer_url\" value=\"\" \/><div class=\"forminator-row forminator-row-last\"><div class=\"forminator-col\"><div class=\"forminator-field\"><button class=\"forminator-button forminator-button-submit\">Send Message<\/button><\/div><\/div><\/div><input type=\"hidden\" id=\"forminator_nonce\" name=\"forminator_nonce\" value=\"99b20ba7e7\" \/><input type=\"hidden\" name=\"_wp_http_referer\" value=\"\/en\/wp-json\/wp\/v2\/pages\/300\" \/><input type=\"hidden\" name=\"form_id\" value=\"619\"><input type=\"hidden\" name=\"page_id\" value=\"300\"><input type=\"hidden\" name=\"form_type\" value=\"default\"><input type=\"hidden\" name=\"current_url\" value=\"https:\/\/montefarm.co.me\/en\/zastitnik-prava-pacijenata\/\"><input type=\"hidden\" name=\"render_id\" value=\"0\"><input type=\"hidden\" name=\"action\" value=\"forminator_submit_form_custom-forms\"><\/form>        <\/div>\n    <\/div>\n<\/section>\n\n\n\n\n<div class=\"wp-block-group\"><div class=\"wp-block-group__inner-container is-layout-constrained wp-block-group-is-layout-constrained\"><\/div><\/div>\n","protected":false},"excerpt":{"rendered":"","protected":false},"author":2,"featured_media":0,"parent":0,"menu_order":0,"comment_status":"closed","ping_status":"closed","template":"","meta":{"_acf_changed":false,"footnotes":""},"class_list":["post-300","page","type-page","status-publish","hentry"],"acf":[],"_links":{"self":[{"href":"https:\/\/montefarm.co.me\/en\/wp-json\/wp\/v2\/pages\/300","targetHints":{"allow":["GET"]}}],"collection":[{"href":"https:\/\/montefarm.co.me\/en\/wp-json\/wp\/v2\/pages"}],"about":[{"href":"https:\/\/montefarm.co.me\/en\/wp-json\/wp\/v2\/types\/page"}],"author":[{"embeddable":true,"href":"https:\/\/montefarm.co.me\/en\/wp-json\/wp\/v2\/users\/2"}],"replies":[{"embeddable":true,"href":"https:\/\/montefarm.co.me\/en\/wp-json\/wp\/v2\/comments?post=300"}],"version-history":[{"count":29,"href":"https:\/\/montefarm.co.me\/en\/wp-json\/wp\/v2\/pages\/300\/revisions"}],"predecessor-version":[{"id":815,"href":"https:\/\/montefarm.co.me\/en\/wp-json\/wp\/v2\/pages\/300\/revisions\/815"}],"wp:attachment":[{"href":"https:\/\/montefarm.co.me\/en\/wp-json\/wp\/v2\/media?parent=300"}],"curies":[{"name":"wp","href":"https:\/\/api.w.org\/{rel}","templated":true}]}}