{"id":386,"date":"2024-07-10T11:03:33","date_gmt":"2024-07-10T11:03:33","guid":{"rendered":"http:\/\/nula.local\/?page_id=386"},"modified":"2026-01-16T12:44:09","modified_gmt":"2026-01-16T10:44:09","slug":"unutrasnja-organizacija","status":"publish","type":"page","link":"https:\/\/montefarm.co.me\/sr\/unutrasnja-organizacija\/","title":{"rendered":"\u0423\u043d\u0443\u0442\u0440\u0430\u0448\u045a\u0430 \u043e\u0440\u0433\u0430\u043d\u0438\u0437\u0430\u0446\u0438\u0458\u0430"},"content":{"rendered":"<section class=\"container mx-auto\">\n    <h1 class=\"text-4xl font-bold mb-10 text-[#001047]\">Odbor direktora<\/h1>\n    <div class=\"bg-white py-6 px-4 rounded-xl mb-10 border-solid border-[1px] border-[#9292923b]\">\n        <h2 class=\"text-2xl font-semibold text-[#233876]\">Batri\u0107evi\u0107 Goran<\/h2>\n        <h3 class=\"text-base font-medium text-[#6B7280]\">Predsjednik<\/h3>\n    <\/div>\n    <div class=\"flex flex-wrap gap-2 justify-between mb-20\">\n    <div class=\"rounded-2xl px-4 py-6 w-full lg:w-[31%] bg-white border-solid border-[1px] border-[#9292923b] mb-2 flex flex-col justify-center\">\n                                    <h5 class=\"text-lg font-bold text-[#001047] mb-2\">Vi\u0161nji\u0107 Dragutin<\/h5>\n                                    <h5 class=\"text-xs\">Dr<\/h5>\n                                <\/div><div class=\"rounded-2xl px-4 py-6 w-full lg:w-[31%] bg-white border-solid border-[1px] border-[#9292923b] mb-2 flex flex-col justify-center\">\n                                    <h5 class=\"text-lg font-bold text-[#001047] mb-2\">Goj\u010daj Ana<\/h5>\n                                    <h5 class=\"text-xs\">Dr pharm.<\/h5>\n                                <\/div><div class=\"rounded-2xl px-4 py-6 w-full lg:w-[31%] bg-white border-solid border-[1px] border-[#9292923b] mb-2 flex flex-col justify-center\">\n                                    <h5 class=\"text-lg font-bold text-[#001047] mb-2\">Bulatovi\u0107 Biserka<\/h5>\n                                    <h5 class=\"text-xs\">Dr<\/h5>\n                                <\/div><div class=\"rounded-2xl px-4 py-6 w-full lg:w-[31%] bg-white border-solid border-[1px] border-[#9292923b] mb-2 flex flex-col justify-center\">\n                                    <h5 class=\"text-lg font-bold text-[#001047] mb-2\">\u010ca\u0111enovi\u0107 Veljo<\/h5>\n                                    <h5 class=\"text-xs\">Dipl.prav.<\/h5>\n                                <\/div><div class=\"rounded-2xl px-4 py-6 w-full lg:w-[31%] bg-white border-solid border-[1px] border-[#9292923b] mb-2 flex flex-col justify-center\">\n                                    <h5 class=\"text-lg font-bold text-[#001047] mb-2\">Jovana Popovi\u0107<\/h5>\n                                    <h5 class=\"text-xs\">Dipl. ph<\/h5>\n                                <\/div><div class=\"rounded-2xl px-4 py-6 w-full lg:w-[31%] bg-white border-solid border-[1px] border-[#9292923b] mb-2 flex flex-col justify-center\">\n                                    <h5 class=\"text-lg font-bold text-[#001047] mb-2\">Marija \u0106ulafi\u0107<\/h5>\n                                    <h5 class=\"text-xs\">Mr prav.<\/h5>\n                                <\/div>    <\/div>\n\n<\/section>\n\n\n<section class=\"container mx-auto\">\n\n    <div class=\"flex flex-col lg:flex-row items-center justify-between\">\n    <img decoding=\"async\" src=\"https:\/\/montefarm.co.me\/wp-content\/uploads\/2024\/07\/team-doctors-standing-together-hospital-premises-2Aleksandar-Bogavac.webp\" alt=\"Organization Image\" class=\"object-cover w-full lg:w-[45%] mb-4 lg:mb-0\">\n     <div class=\"w-full lg:w-[50%]\">\n     <h2 class=\"text-2xl lg:text-4xl font-bold text-[#001047] mb-1\">mr Aleksandar Bogavac<\/h2>\n     <h2 class=\"font-bold text-base lg:text-2xl text-[#001047] mb-6\">Direktor <\/h2>\n     <p class=\"font-normal text-base text-[#929292]\">Vi\u0161e od tri decenije povjerenja na\u0161ih gra\u0111ana dovoljno govori o na\u0161oj posve\u0107enosti farmaceutskoj djelatnosti. Ponosni smo na \u010dinjenicu da je MONTEFARM najva\u017enija karika u snabdijevanju ljekovima i medicinskim sredstvima cjelokupnog sistema javnog zdravstva, kao i na\u0161ih 55 apoteka.<\/p>\n     <\/div>\n     <\/div>    <div class=\"flex flex-wrap gap-8 mt-20 lg:mt-32\">\n    \n        <div class=\"w-full lg:w-[31%] rounded-2xl shadow-[0_2px_12px_0_rgba(0,0,0,0.1)] bg-white\">\n        <img decoding=\"async\" src=\"\" alt=\"Organization Image\" class=\"object-cover rounded-2xl w-full\">\n        <div class=\"p-5\">\n         <h2 class=\"text-xl font-bold text-[#001047] mb-4\">Marjana Bo\u0161kovi\u0107, dipl. ph<\/h2>\n         <p class=\"font-medium text-xs text-[#929292] mb-4\">Savjetnica direktora<\/p>\n         <p class=\"font-normal text-base text-[#929292]\"><\/p>\n        <\/div>\n         <\/div>\n        <div class=\"w-full lg:w-[31%] rounded-2xl shadow-[0_2px_12px_0_rgba(0,0,0,0.1)] bg-white\">\n        <img decoding=\"async\" src=\"\" alt=\"Organization Image\" class=\"object-cover rounded-2xl w-full\">\n        <div class=\"p-5\">\n         <h2 class=\"text-xl font-bold text-[#001047] mb-4\">Milica Popivoda, dipl. ph<\/h2>\n         <p class=\"font-medium text-xs text-[#929292] mb-4\">Rukovoditeljka Komercijalnog sektora <\/p>\n         <p class=\"font-normal text-base text-[#929292]\"><\/p>\n        <\/div>\n         <\/div>\n        <div class=\"w-full lg:w-[31%] rounded-2xl shadow-[0_2px_12px_0_rgba(0,0,0,0.1)] bg-white\">\n        <img decoding=\"async\" src=\"\" alt=\"Organization Image\" class=\"object-cover rounded-2xl w-full\">\n        <div class=\"p-5\">\n         <h2 class=\"text-xl font-bold text-[#001047] mb-4\">Jovana Popovi\u0107, dipl.ph<\/h2>\n         <p class=\"font-medium text-xs text-[#929292] mb-4\">Rukovoditeljka Sektora farmaceutske zdravstvene za\u0161tite<\/p>\n         <p class=\"font-normal text-base text-[#929292]\"><\/p>\n        <\/div>\n         <\/div>\n        <div class=\"w-full lg:w-[31%] rounded-2xl shadow-[0_2px_12px_0_rgba(0,0,0,0.1)] bg-white\">\n        <img decoding=\"async\" src=\"\" alt=\"Organization Image\" class=\"object-cover rounded-2xl w-full\">\n        <div class=\"p-5\">\n         <h2 class=\"text-xl font-bold text-[#001047] mb-4\">Marija \u0106ulafi\u0107, mr prav. <\/h2>\n         <p class=\"font-medium text-xs text-[#929292] mb-4\">Rukovoditeljka Sektora za ekonomsko-pravne i op\u0161te poslove<\/p>\n         <p class=\"font-normal text-base text-[#929292]\"><\/p>\n        <\/div>\n         <\/div>\n        <div class=\"w-full lg:w-[31%] rounded-2xl shadow-[0_2px_12px_0_rgba(0,0,0,0.1)] bg-white\">\n        <img decoding=\"async\" src=\"\" alt=\"Organization Image\" class=\"object-cover rounded-2xl w-full\">\n        <div class=\"p-5\">\n         <h2 class=\"text-xl font-bold text-[#001047] mb-4\">Sne\u017eana Stankovi\u0107, dipl. ph<\/h2>\n         <p class=\"font-medium text-xs text-[#929292] mb-4\">Rukovoditeljka Sektora galenske laboratorije<\/p>\n         <p class=\"font-normal text-base text-[#929292]\"><\/p>\n        <\/div>\n         <\/div>\n        <div class=\"w-full lg:w-[31%] rounded-2xl shadow-[0_2px_12px_0_rgba(0,0,0,0.1)] bg-white\">\n        <img decoding=\"async\" src=\"\" alt=\"Organization Image\" class=\"object-cover rounded-2xl w-full\">\n        <div class=\"p-5\">\n         <h2 class=\"text-xl font-bold text-[#001047] mb-4\">Milica Zekovi\u0107, dipl.ecc<\/h2>\n         <p class=\"font-medium text-xs text-[#929292] mb-4\">Rukovoditeljka Slu\u017ebe za ekonomsko-finansijske poslove<\/p>\n         <p class=\"font-normal text-base text-[#929292]\"><\/p>\n        <\/div>\n         <\/div>\n        <div class=\"w-full lg:w-[31%] rounded-2xl shadow-[0_2px_12px_0_rgba(0,0,0,0.1)] bg-white\">\n        <img decoding=\"async\" src=\"\" alt=\"Organization Image\" class=\"object-cover rounded-2xl w-full\">\n        <div class=\"p-5\">\n         <h2 class=\"text-xl font-bold text-[#001047] mb-4\">Aleksandra Jovanovi\u0107, mr ph spec.<\/h2>\n         <p class=\"font-medium text-xs text-[#929292] mb-4\">Rukovoditeljka Slu\u017ebe parafarmacije<\/p>\n         <p class=\"font-normal text-base text-[#929292]\"><\/p>\n        <\/div>\n         <\/div>\n        <div class=\"w-full lg:w-[31%] rounded-2xl shadow-[0_2px_12px_0_rgba(0,0,0,0.1)] bg-white\">\n        <img decoding=\"async\" src=\"\" alt=\"Organization Image\" class=\"object-cover rounded-2xl w-full\">\n        <div class=\"p-5\">\n         <h2 class=\"text-xl font-bold text-[#001047] mb-4\">Vera Dabanovi\u0107, dr sci.med<\/h2>\n         <p class=\"font-medium text-xs text-[#929292] mb-4\">Rukovoditeljka Slu\u017ebe skladi\u0161ta<\/p>\n         <p class=\"font-normal text-base text-[#929292]\"><\/p>\n        <\/div>\n         <\/div>\n        <div class=\"w-full lg:w-[31%] rounded-2xl shadow-[0_2px_12px_0_rgba(0,0,0,0.1)] bg-white\">\n        <img decoding=\"async\" src=\"\" alt=\"Organization Image\" class=\"object-cover rounded-2xl w-full\">\n        <div class=\"p-5\">\n         <h2 class=\"text-xl font-bold text-[#001047] mb-4\">Olivera Klikovac, prof.eng. jez.i knji\u017e.<\/h2>\n         <p class=\"font-medium text-xs text-[#929292] mb-4\">Portparolka<\/p>\n         <p class=\"font-normal text-base text-[#929292]\"><\/p>\n        <\/div>\n         <\/div><\/div>\n<\/section>\n\n\n<section class=\"container mx-auto hidden\">\n    <h2 class=\"text-2xl font-semibold text-[#0e559d] mb-8 mt-20\">Unutra\u0161nja organizacija<\/h2>\n    <div class=\"bg-[#0d5bb3] py-6 px-4 rounded-xl\">\n        <h3 class=\"text-base font-medium text-white\">Direktor<\/h3>\n        <h2 class=\"text-2xl font-semibold text-white\">Aleksandar Bogavac<\/h2>\n    <\/div>\n    <div class=\"px-10 mt-4 flex flex-wrap justify-between gap-4\">\n        <div class=\"w-full lg:w-[18%]\">\n            <div class=\"px-2 py-6 bg-[#A8CDF2] text-xs font-bold text-[#0D5BB3] rounded mb-2 min-h-[80px] flex items-center\">Odbor Direktora<\/div>\n            <div class=\"px-2 py-6 bg-[#F1F8FF] rounded mb-2 min-h-[120px] flex flex-col justify-center\">\n                                    <h5 class=\"font-bold text-sm\">Dr Batri\u0107evi\u0107 Goran<\/h5>\n                                    <h5 class=\"text-xs\">predsjednik<\/h5>\n                                <\/div><div class=\"px-2 py-6 bg-[#F1F8FF] rounded mb-2 min-h-[120px] flex flex-col justify-center\">\n                                    <h5 class=\"font-bold text-sm\">Dr Vi\u0161nji\u0107 Dragutin<\/h5>\n                                    <h5 class=\"text-xs\"><\/h5>\n                                <\/div><div class=\"px-2 py-6 bg-[#F1F8FF] rounded mb-2 min-h-[120px] flex flex-col justify-center\">\n                                    <h5 class=\"font-bold text-sm\">Dr pharm. Goj\u010daj Ana<\/h5>\n                                    <h5 class=\"text-xs\"><\/h5>\n                                <\/div><div class=\"px-2 py-6 bg-[#F1F8FF] rounded mb-2 min-h-[120px] flex flex-col justify-center\">\n                                    <h5 class=\"font-bold text-sm\">Dr Muzurovi\u0107 Emir<\/h5>\n                                    <h5 class=\"text-xs\"><\/h5>\n                                <\/div><div class=\"px-2 py-6 bg-[#F1F8FF] rounded mb-2 min-h-[120px] flex flex-col justify-center\">\n                                    <h5 class=\"font-bold text-sm\">Dipl.prav. \u010ca\u0111enovi\u0107 Veljo<\/h5>\n                                    <h5 class=\"text-xs\"><\/h5>\n                                <\/div><div class=\"px-2 py-6 bg-[#F1F8FF] rounded mb-2 min-h-[120px] flex flex-col justify-center\">\n                                    <h5 class=\"font-bold text-sm\">Mr ph Jovanovi\u0107 Aleksandra<\/h5>\n                                    <h5 class=\"text-xs\"><\/h5>\n                                <\/div><div class=\"px-2 py-6 bg-[#F1F8FF] rounded mb-2 min-h-[120px] flex flex-col justify-center\">\n                                    <h5 class=\"font-bold text-sm\">Mr prav. Marija \u0106ulafi\u0107<\/h5>\n                                    <h5 class=\"text-xs\"><\/h5>\n                                <\/div>        <\/div>\n        <div class=\"w-full lg:w-[18%]\">\n            <div class=\"px-2 py-6 bg-[#A8CDF2] text-xs font-bold text-[#0D5BB3] rounded mb-2 min-h-[80px] flex items-center\">Sektor farmaceutske zdravstvene za\u0161tite<\/div>\n            <div class=\"px-2 py-6 bg-[#F1F8FF] rounded mb-2 min-h-[120px] flex flex-col justify-center\">\n                                    <h5 class=\"font-bold text-sm\">TEAM\u2028<\/h5>\n                                    <h5 class=\"text-xs\">Team name here<\/h5>\n                                <\/div><div class=\"px-2 py-6 bg-[#F1F8FF] rounded mb-2 min-h-[120px] flex flex-col justify-center\">\n                                    <h5 class=\"font-bold text-sm\">TEAM\u2028<\/h5>\n                                    <h5 class=\"text-xs\">Team name here<\/h5>\n                                <\/div><div class=\"px-2 py-6 bg-[#F1F8FF] rounded mb-2 min-h-[120px] flex flex-col justify-center\">\n                                    <h5 class=\"font-bold text-sm\">TEAM\u2028<\/h5>\n                                    <h5 class=\"text-xs\">Team name here<\/h5>\n                                <\/div>        <\/div>\n        <div class=\"w-full lg:w-[18%]\">\n            <div class=\"px-2 py-6 bg-[#A8CDF2] text-xs font-bold text-[#0D5BB3] rounded mb-2 min-h-[80px] flex items-center\">Komercijalni sektor<\/div>\n            <div class=\"px-2 py-6 bg-[#F1F8FF] rounded mb-2 min-h-[120px] flex flex-col justify-center\">\n                                    <h5 class=\"font-bold text-sm\">TEAM\u2028<\/h5>\n                                    <h5 class=\"text-xs\">Team name here<\/h5>\n                                <\/div><div class=\"px-2 py-6 bg-[#F1F8FF] rounded mb-2 min-h-[120px] flex flex-col justify-center\">\n                                    <h5 class=\"font-bold text-sm\">TEAM\u2028<\/h5>\n                                    <h5 class=\"text-xs\">Team name here<\/h5>\n                                <\/div><div class=\"px-2 py-6 bg-[#F1F8FF] rounded mb-2 min-h-[120px] flex flex-col justify-center\">\n                                    <h5 class=\"font-bold text-sm\">TEAM\u2028<\/h5>\n                                    <h5 class=\"text-xs\">Team name here<\/h5>\n                                <\/div><div class=\"px-2 py-6 bg-[#F1F8FF] rounded mb-2 min-h-[120px] flex flex-col justify-center\">\n                                    <h5 class=\"font-bold text-sm\">TEAM\u2028<\/h5>\n                                    <h5 class=\"text-xs\">Team name here<\/h5>\n                                <\/div>        <\/div>\n        <div class=\"w-full lg:w-[18%]\">\n            <div class=\"px-2 py-6 bg-[#A8CDF2] text-xs font-bold text-[#0D5BB3] rounded mb-2 min-h-[80px] flex items-center\">Sektor za ekonomsko-pravne i op\u0161te poslove<\/div>\n            <div class=\"px-2 py-6 bg-[#F1F8FF] rounded mb-2 min-h-[120px] flex flex-col justify-center\">\n                                    <h5 class=\"font-bold text-sm\">TEAM\u2028<\/h5>\n                                    <h5 class=\"text-xs\">Team name here<\/h5>\n                                <\/div><div class=\"px-2 py-6 bg-[#F1F8FF] rounded mb-2 min-h-[120px] flex flex-col justify-center\">\n                                    <h5 class=\"font-bold text-sm\">TEAM\u2028<\/h5>\n                                    <h5 class=\"text-xs\">Team name here<\/h5>\n                                <\/div>        <\/div>\n        <div class=\"w-full lg:w-[18%]\">\n            <div class=\"px-2 py-6 bg-[#A8CDF2] text-xs font-bold text-[#0D5BB3] rounded mb-2 min-h-[80px] flex items-center\">Sektor galenske laboratorij<\/div>\n            <div class=\"px-2 py-6 bg-[#F1F8FF] rounded mb-2 min-h-[120px] flex flex-col justify-center\">\n                                    <h5 class=\"font-bold text-sm\">TEAM\u2028<\/h5>\n                                    <h5 class=\"text-xs\">Team name here<\/h5>\n                                <\/div><div class=\"px-2 py-6 bg-[#F1F8FF] rounded mb-2 min-h-[120px] flex flex-col justify-center\">\n                                    <h5 class=\"font-bold text-sm\">TEAM\u2028<\/h5>\n                                    <h5 class=\"text-xs\">Team name here<\/h5>\n                                <\/div><div class=\"px-2 py-6 bg-[#F1F8FF] rounded mb-2 min-h-[120px] flex flex-col justify-center\">\n                                    <h5 class=\"font-bold text-sm\">TEAM\u2028<\/h5>\n                                    <h5 class=\"text-xs\">Team name here<\/h5>\n                                <\/div>        <\/div>\n    <\/div>\n<\/section>\n\n<section class=\"container mx-auto mt-20\">\n<div class=\"flex flex-wrap justify-between gap-4\">\n    <div class=\"w-full lg:w-[45%]\">\n        <h2 class=\"mb-6 text-2xl font-bold text-[#001047]\">Komercijalni sektor<\/h2>\n        <p class=\"font-normal text-base text-[#929292]\">Komercijalni sektor vr\u0161i nabavku i snabdijeva javne zdravstvene ustanove (55 apoteka, domove zdravlja, op\u0161te i specijalne bolice, Klini\u010dki centar Crne Gore, Institut za javno zdravlje Crne Gore, Zavod za hitnu medicinsku pomo\u0107, itd. ) i to: <\/p>\n        <ul class=\"font-normal text-base text-[#929292]\">\n            <li class=\"org-list\">ljekovima, sanitetskim materijalom, medicinskim potro\u0161nim materijalom za jednokratnu upotrebu,<\/li>\n            <li class=\"org-list\">stomatolo\u0161kim materijalom,<\/li>\n            <li class=\"org-list\">medicinskim sredstvima za hemodijalizu i peritonalnu dijalizu,<\/li>\n            <li class=\"org-list\">farmaceutskim hemikalijama<\/li>\n        <\/ul>\n    <\/div>\n    <div class=\"w-full lg:w-[45%]\">\n        <h2 class=\"mb-6 text-2xl font-bold text-[#001047]\">Sektor farmaceutske zdravstvene za\u0161tite<\/h2>\n        <p class=\"font-normal text-base text-[#929292]\">Sektor farmaceutske zdravstvene za\u0161tite pru\u017ea gra\u0111anima farmaceutsku zdravstvenu za\u0161titu u 55 apoteka u svim op\u0161tinama u Crnoj Gori. Fond za zdravstveno osiguranje Crne Gore (FZOCG) objavljuje Listu ljekova koju usvaja Vlada, na osnovu koje se vr\u0161i nabavka istih, a koji se u apotekama gra\u0111anima izdaju na recept propisan od strane izabranog ljekara. Ljekove van Liste,  zatim pomo\u0107na ljekovita sredstva, suplemente, medicinska kozmeti\u010dka sredstva, specifi\u010dne kozmeti\u010dke linije odnosno OTC preparate, gra\u0111ani pla\u0107aju, i isti se ne fakturisu Fondu za zdravstveno osiguranje\n\n        <\/p>\n    <\/div>\n    <div class=\"w-full lg:w-[45%]\">\n        <h2 class=\"mb-6 text-2xl font-bold text-[#001047]\">Sektor za ekonomsko-pravne i op\u0161te poslove<\/h2>\n        <p class=\"font-normal text-base text-[#929292]\">Sektor za ekonomsko-pravne i op\u0161te poslove obavlja ekonomsko-finansijske poslove, poslove informacionih tehnologija, pravne i op\u0161te poslove, kao i druge koje po svojoj prirodi spadaju u domen poslova od zajedni\u010dkog interesa.\n        <\/p>\n    <\/div>\n\t    <div class=\"w-full lg:w-[45%]\">\n        <h2 class=\"mb-6 text-2xl font-bold text-[#001047]\">Sektor Galenske laboratorije<\/h2>\n        <p class=\"font-normal text-base text-[#929292]\">Sektor galenske laboratorije najmla\u0111i je sektor MONTEFARM-a i osnovan je izmjenom i dopunom Pravilnika o sistematizaciji 27.12.2021.godine. \n        Zadu\u017een je da radi na realizaciji ideje o osnivanju Galenske laboratorije, odnosno pripremi obimne dokumentacije za ispunjenje zakonskih uslova, uskla\u0111ivanje regulative, standarda kvaliteta i neophodnih propisa u farmaciji. \n        Planirana Galenska laboratorija \u0107e vr\u0161iti izradu kvalitetnih, efikasnih i bezbjednih galenskih ljekova. Na taj na\u010din \u0107e se omogu\u0107iti kontinuirano snabdijevanje apoteka i drugih javnih zdravstvenih ustanova ovim preparatima koji su neophodni za lije\u010denje i njegu pacijenata.\n        <\/p>\n    <\/div>\n\n<\/div>\n<\/section>\n\n\n<p><\/p>\n","protected":false},"excerpt":{"rendered":"","protected":false},"author":2,"featured_media":0,"parent":0,"menu_order":0,"comment_status":"closed","ping_status":"closed","template":"","meta":{"_acf_changed":false,"footnotes":""},"class_list":["post-386","page","type-page","status-publish","hentry"],"acf":[],"_links":{"self":[{"href":"https:\/\/montefarm.co.me\/sr\/wp-json\/wp\/v2\/pages\/386","targetHints":{"allow":["GET"]}}],"collection":[{"href":"https:\/\/montefarm.co.me\/sr\/wp-json\/wp\/v2\/pages"}],"about":[{"href":"https:\/\/montefarm.co.me\/sr\/wp-json\/wp\/v2\/types\/page"}],"author":[{"embeddable":true,"href":"https:\/\/montefarm.co.me\/sr\/wp-json\/wp\/v2\/users\/2"}],"replies":[{"embeddable":true,"href":"https:\/\/montefarm.co.me\/sr\/wp-json\/wp\/v2\/comments?post=386"}],"version-history":[{"count":31,"href":"https:\/\/montefarm.co.me\/sr\/wp-json\/wp\/v2\/pages\/386\/revisions"}],"predecessor-version":[{"id":1085,"href":"https:\/\/montefarm.co.me\/sr\/wp-json\/wp\/v2\/pages\/386\/revisions\/1085"}],"wp:attachment":[{"href":"https:\/\/montefarm.co.me\/sr\/wp-json\/wp\/v2\/media?parent=386"}],"curies":[{"name":"wp","href":"https:\/\/api.w.org\/{rel}","templated":true}]}}