{"id":53,"date":"2024-06-14T09:33:19","date_gmt":"2024-06-14T09:33:19","guid":{"rendered":"http:\/\/nula.local\/?page_id=53"},"modified":"2024-11-21T10:25:06","modified_gmt":"2024-11-21T10:25:06","slug":"o-nama","status":"publish","type":"page","link":"https:\/\/montefarm.co.me\/sr\/o-nama\/","title":{"rendered":"\u041e \u043d\u0430\u043c\u0430"},"content":{"rendered":"<meta name=\"viewport\" content=\"width=device-width, initial-scale=1.0\">\n<section class=\"container mx-auto mb-20\">\n    <div class=\"flex flex-col-reverse lg:flex-row items-center \">\n        <img decoding=\"async\" src=\"https:\/\/montefarm.co.me\/wp-content\/uploads\/2024\/08\/MONTEFARM-slika-1.jpg\" alt=\"\" class=\"object-cover rounded-2xl w-full lg:w-[60%]\">\n        <div class=\"ml-0 lg:ml-10 mb-10 lg:mb-0 lg:w-1\/2 w-full\">\n            <h2 class=\"text-4xl font-bold text-[#001047] mb-10\">O nama<\/h2>\n            <p class=\"text-base text-[#929292]\">Vi\u0161e od tri decenije povjerenja na\u0161ih gra\u0111ana dovoljno govori o na\u0161oj posve\u0107enosti farmaceutskoj djelatnosti. Ponosni smo na \u010dinjenicu da je MONTEFARM najva\u017enija karika u snabdijevanju ljekovima i medicinskim sredstvima cjelokupnog sistema javnog zdravstva, kao i na\u0161ih 55 apoteka. <\/br>\r\n<\/br>\r\nVi\u0161egodi\u0161nja saradnja sa Medicinskim fakultetom UCG potvr\u0111uje profesionalizam MONTEFARM-a jer studenti sa Studijskog programa farmacija, budu\u0107i farmaceuti, obavljaju dio prakti\u010dne nastave u na\u0161im apotekama. Tako\u0111e, na Studijskom programu farmacija na\u0161i farmaceuti ve\u0107 godinama su anga\u017eovani kao stru\u010dni saradnici <\/br>\r\n<\/br>\r\nSaradnja postoji i sa srednjim stru\u010dnim \u0161kolama, smjer farmaceutski tehni\u010dar u Podgorici, Beranama i Nik\u0161i\u0107u. U srednjim stru\u010dnim \u0161kolama farmaceuti MONTEFARM-a su ve\u0107 decenijama redovni predava\u010di stru\u010dnih predmeta kao i prakti\u010dne nastave, dok tokom ljetnjeg raspusta budu\u0107i farmaceutski tehni\u010dari obavljaju praksu u apotekama pod nadzorom na\u0161eg farmaceutskog kadra.\r\n\r\n<\/p>\n        <\/div>\n    <\/div>\n<\/section>\n\n\n<section class=\"container mx-auto mb-20\">\n    <div class=\"flex lg:justify-between flex-wrap\">\n        \n        <!-- First Card (Mission) -->\n        <div data-accordion=\"1\" class=\"about-kartica-1 w-full lg:w-[31%] mt-8 lg:mt-0 p-4 rounded-2xl shadow-[0px_2px_6px_2px_rgba(0,0,0,0.04)] lg:min-h-[22rem] xl:min-h-[20rem] 2xl:min-h-[18rem] cursor-pointer flex flex-col justify-between\">\n            <div>\n                <h3 class=\"text-2xl font-semibold text-[#0e559d] mb-6\">\n                    Na\u0161a misija                <\/h3>\n                <p class=\"accordion-content-1 text-base font-normal text-[#929292] w-[80%] overflow-hidden\">\n                    U cjelokupnom lancu snabdijevanja javnog zdravstva na\u0161a misija je da obezbijedimo maksimalan kvalitet i kontinuitet isporuka neophodnih ljekova i medicinskih sredstava javnom zdravstvu, i pru\u017eimo profesionalnu farmaceutsku uslugu svakom gra\u0111aninu.\r\nSprovode\u0107i na\u0161u djelatnost kroz visoko profesionalnu saradnju sa farmaceutskim ku\u0107ama, dobavlja\u010dima, zastupnicima, relevantnim nau\u010dnim ustanovama, regalutornim tijelima, nadle\u017enim institucijama i prije svega pru\u017eaju\u0107i farmaceutsku uslugu gra\u0111anima u na\u0161im apotekama, doprinosimo o\u010duvanju zdravlja i kvaliteta \u017eivota svakog pojedinca u Crnoj Gori.                <\/p>\n            <\/div>\n            <p class=\"accordion-trigger-1 flex text-[#0E559D] mt-auto pb-3\">\n                <span class=\"trigger-text-1\">Jo\u0161<\/span>\n                <i class=\"ml-2\"><svg width=\"25\" height=\"24\" viewBox=\"0 0 25 24\" fill=\"none\" xmlns=\"http:\/\/www.w3.org\/2000\/svg\">\n<path d=\"M14.93 18.82C14.74 18.82 14.55 18.75 14.4 18.6C14.11 18.31 14.11 17.83 14.4 17.54L19.94 12L14.4 6.46C14.11 6.17 14.11 5.69 14.4 5.4C14.69 5.11 15.17 5.11 15.46 5.4L21.53 11.47C21.82 11.76 21.82 12.24 21.53 12.53L15.46 18.6C15.31 18.75 15.12 18.82 14.93 18.82Z\" fill=\"#0E559D\"\/>\n<path d=\"M20.83 12.75H4C3.59 12.75 3.25 12.41 3.25 12C3.25 11.59 3.59 11.25 4 11.25H20.83C21.24 11.25 21.58 11.59 21.58 12C21.58 12.41 21.24 12.75 20.83 12.75Z\" fill=\"#0E559D\"\/>\n<\/svg>\n<\/i>\n            <\/p>\n        <\/div>\n\n        <!-- Second Card (Vision) -->\n        <div data-accordion=\"2\" class=\"about-kartica-2 w-full lg:w-[31%] mt-8 lg:mt-0 p-4 rounded-2xl shadow-[0px_2px_6px_2px_rgba(0,0,0,0.04)] lg:min-h-[22rem] xl:min-h-[20rem] 2xl:min-h-[18rem] cursor-pointer flex flex-col justify-between\">\n            <div>\n                <h3 class=\"text-2xl font-semibold text-[#0e559d] mb-6\">\n                    Vizija                <\/h3>\n                <p class=\"accordion-content-2 text-base font-normal text-[#929292] w-[80%] overflow-hidden\">\n                    Saradnja isklju\u010divo sa farmaceutskim ku\u0107ama koje garantuju kvalitet i zadovoljavaju najstro\u017eije kriterijume, kako u samoj proizvodnji, tako i u uvozu ljekova i medicinskih sredstava, jer o\u010duvanje zdravlja i medicinska usluga po\u010dinju upravo od nas.\r\nCilj nam je da gra\u0111anima obezbijedimo dostupnu i visokoprofesionalnu farmaceutsku uslugu, u svim op\u0161tinama na\u0161e zemlje, kao i kontinuitet snabdijevanja svih javnih zdravstvenih ustanova, \u010dime potvr\u0111ujemo ono zbog \u010dega i postojimo jer MONTEFARM je \u017eila kucavica sektora javnog zdravstva u Crnoj Gori.                <\/p>\n            <\/div>\n            <p class=\"accordion-trigger-2 flex text-[#0E559D] mt-auto pb-3\">\n                <span class=\"trigger-text-2\">Jo\u0161<\/span>\n                <i class=\"ml-2\"><svg width=\"25\" height=\"24\" viewBox=\"0 0 25 24\" fill=\"none\" xmlns=\"http:\/\/www.w3.org\/2000\/svg\">\n<path d=\"M14.93 18.82C14.74 18.82 14.55 18.75 14.4 18.6C14.11 18.31 14.11 17.83 14.4 17.54L19.94 12L14.4 6.46C14.11 6.17 14.11 5.69 14.4 5.4C14.69 5.11 15.17 5.11 15.46 5.4L21.53 11.47C21.82 11.76 21.82 12.24 21.53 12.53L15.46 18.6C15.31 18.75 15.12 18.82 14.93 18.82Z\" fill=\"#0E559D\"\/>\n<path d=\"M20.83 12.75H4C3.59 12.75 3.25 12.41 3.25 12C3.25 11.59 3.59 11.25 4 11.25H20.83C21.24 11.25 21.58 11.59 21.58 12C21.58 12.41 21.24 12.75 20.83 12.75Z\" fill=\"#0E559D\"\/>\n<\/svg>\n<\/i>\n            <\/p>\n        <\/div>\n\n        <!-- Third Card (Internal Organization - Link Card) -->\n        <a href=\"https:\/\/montefarm.co.me\/sr\/unutrasnja-organizacija\/\" class=\"about-kartica-3 w-full lg:w-[31%] mt-8 lg:mt-0 p-4 rounded-2xl shadow-[0px_2px_6px_2px_rgba(0,0,0,0.04)] lg:min-h-[22rem] xl:min-h-[20rem] 2xl:min-h-[18rem] max-h-[22rem] flex flex-col justify-between\">\n            <div>\n                <h3 class=\"text-2xl font-semibold text-[#0e559d] mb-6\">\n                    Unutra\u0161nja organizacija                <\/h3>\n                <p class=\"text-base font-normal text-[#929292] w-[80%] mb-6\">\n                    Ustanova vr\u0161i nabavku i distribuciju ljekova i medicinskog materijala svim javnim zdravstvenim ustanovama, dok gra\u0111anima u 55 apoteka pru\u017eamo farmaceusku zdravstvenu za\u0161titu.\u2028                <\/p>\n            <\/div>\n            <p class=\"flex text-[#0E559D] mt-auto pb-3\">\n                Vi\u0161e o na\u0161em timu\n                <i class=\"ml-2\"><svg width=\"25\" height=\"24\" viewBox=\"0 0 25 24\" fill=\"none\" xmlns=\"http:\/\/www.w3.org\/2000\/svg\">\n<path d=\"M14.93 18.82C14.74 18.82 14.55 18.75 14.4 18.6C14.11 18.31 14.11 17.83 14.4 17.54L19.94 12L14.4 6.46C14.11 6.17 14.11 5.69 14.4 5.4C14.69 5.11 15.17 5.11 15.46 5.4L21.53 11.47C21.82 11.76 21.82 12.24 21.53 12.53L15.46 18.6C15.31 18.75 15.12 18.82 14.93 18.82Z\" fill=\"#0E559D\"\/>\n<path d=\"M20.83 12.75H4C3.59 12.75 3.25 12.41 3.25 12C3.25 11.59 3.59 11.25 4 11.25H20.83C21.24 11.25 21.58 11.59 21.58 12C21.58 12.41 21.24 12.75 20.83 12.75Z\" fill=\"#0E559D\"\/>\n<\/svg>\n<\/i>\n            <\/p>\n        <\/a>\n    <\/div>\n<\/section>\n\n<section id=\"history\" class=\"container mx-auto\">\n    <div class=\"flex flex-col lg:flex-row-reverse justify-between mt-10 items-center\">\n        <div class=\"history-image w-full lg:w-1\/2\">\n            <img decoding=\"async\" src=\"https:\/\/montefarm.co.me\/wp-content\/uploads\/2024\/07\/Apoteka-Stari-grad-HN.jpg\" alt=\"\" class=\"w-auto h-auto rounded-2xl mt-8 lg:mt-0\">\n        <\/div>\n        <div class=\"w-full lg:w-1\/2 px-4 mr-0 lg:mr-8 mt-10 lg:mt-0\">\n            <h2 class=\"text-2xl lg:text-4xl font-bold text-[#001047] mb-4\">Istorijat<\/h2>\n            <p class=\"text-base text-[#929292] mb-2\">Zdravstvena ustanova Apoteke Crne Gore &#8220;Montefarm&#8221;\u00a0 osnovana je Odlukom Skup\u0161tine Crne Gore br. 1771 od 15.05.1991. god. (&#8220;Sl. list RCG&#8221;, br.21\/91) s ciljem da vr\u0161i snabdijevanje stanovni\u0161tva i javnih zdrastvenih ustanova ljekovima i medicinskim sredstvima.\u00a0<\/p>\n            <p class=\"text-base text-[#929292] mb-2\">U dosada\u0161njem periodu, od osnivanja do danas, u apotekama ZUACG &#8220;Montefarm&#8221; kao i u javnim zdravstvenim ustanovama nikada nije bilo dugotrajnih nesta\u0161ica ili te\u017eih propusta. Nikada nije isporu\u010den ili prometovan lijek koji bi ugrozio zdravlje gra\u0111ana zahvaljuju\u0107i prije svega na\u0161em stru\u010dnom farmaceutskom kadru, koji se u svim slu\u010dajevima nabavke i distribucije ljekova vodio osnovnom \u010dinjenicom da je samo kvalitetan lijek siguran i efikasan lijek.\u00a0<\/p>\n            <p class=\"text-base text-[#929292] mb-2\">Protekle tri decenije postojanja ZUACG &#8220;Montefarm&#8221; karakteri\u0161u izuzetna bezbjednost, kvalitet i kontinuitet u snabdijevanju ljekovima i medicinskim sredstvima, \u0161to predstavlja bitan faktor politi\u010dko-ekonomske i socijalne stabilnosti i sigurnosti sistema, dr\u017eave i stanovni\u0161tva, uprkos te\u0161kim, povremeno dramati\u010dnim izazovima i isku\u0161enjima kroz koje je Crna Gora prolazila, naro\u010dito tokom 90-tih godina pro\u0161log vijeka i nedavne COVID-19 pandemije.\u00a0<\/p>\n        <\/div>\n    <\/div>\n<\/section>\n","protected":false},"excerpt":{"rendered":"","protected":false},"author":2,"featured_media":0,"parent":0,"menu_order":0,"comment_status":"closed","ping_status":"closed","template":"","meta":{"_acf_changed":false,"footnotes":""},"class_list":["post-53","page","type-page","status-publish","hentry"],"acf":[],"_links":{"self":[{"href":"https:\/\/montefarm.co.me\/sr\/wp-json\/wp\/v2\/pages\/53","targetHints":{"allow":["GET"]}}],"collection":[{"href":"https:\/\/montefarm.co.me\/sr\/wp-json\/wp\/v2\/pages"}],"about":[{"href":"https:\/\/montefarm.co.me\/sr\/wp-json\/wp\/v2\/types\/page"}],"author":[{"embeddable":true,"href":"https:\/\/montefarm.co.me\/sr\/wp-json\/wp\/v2\/users\/2"}],"replies":[{"embeddable":true,"href":"https:\/\/montefarm.co.me\/sr\/wp-json\/wp\/v2\/comments?post=53"}],"version-history":[{"count":22,"href":"https:\/\/montefarm.co.me\/sr\/wp-json\/wp\/v2\/pages\/53\/revisions"}],"predecessor-version":[{"id":786,"href":"https:\/\/montefarm.co.me\/sr\/wp-json\/wp\/v2\/pages\/53\/revisions\/786"}],"wp:attachment":[{"href":"https:\/\/montefarm.co.me\/sr\/wp-json\/wp\/v2\/media?parent=53"}],"curies":[{"name":"wp","href":"https:\/\/api.w.org\/{rel}","templated":true}]}}